{"id":5,"date":"2021-04-14T12:11:04","date_gmt":"2021-04-14T09:11:04","guid":{"rendered":"https:\/\/wastewater2021.eap.gr\/?page_id=5"},"modified":"2022-05-21T12:23:41","modified_gmt":"2022-05-21T09:23:41","slug":"invitation","status":"publish","type":"page","link":"https:\/\/dia.eap.gr\/wastewater\/2021\/","title":{"rendered":"Invitation"},"content":{"rendered":"\r\n<p>\u00a0<img loading=\"lazy\" decoding=\"async\" width=\"150\" height=\"100\" class=\"wp-image-9 alignleft\" style=\"width: 150px;\" src=\"https:\/\/dia.eap.gr\/wastewater\/2021\/wp-content\/uploads\/2021\/04\/kalavrouziotis.jpg\" alt=\"\" \/>It is our pleasure to welcome you to the 6<sup>th<\/sup> distance education e-learning\u00a0International Summer School\u00a0and Workshop on &#8220;Wastewater and Biosolids Management&#8221; (WWSS21), taking place in Patras, Greece, July 26 &#8211; 31, 2021. This scientific event is organized in the context of the Postgraduate Study Programme \u201cWaste Management\u201d, by the Hellenic Open University.<br \/><br \/>The Summer School started in 2015 and was successfully continued since then with tens of wastewater and biosolids experts from many different countries worldwide (China, Bulgaria, Cyprus, Greece, Germany, Israel, Italy, Jordan, Oman, Philippines, Switzerland, Slovenia, Spain, UK, United Arab Emirates, USA, Tunisia, etc.), as keynote speakers.<br \/><br \/>The 2021 program follows the strategy of maintaining basic lectures enriched with new topics of interest, on the new trends in wastewater and biosolids management technologies and representative case studies. As special features in 2021, the Summer School:<\/p>\r\n\r\n\r\n\r\n<ol class=\"wp-block-list\" type=\"1\">\r\n<li>will include a session, as in 2019, on practical laboratory exercises and data analysis tools for measuring the basic wastewater parameters requested by regulations,<\/li>\r\n<li>will dedicate a session on wastewater management in Ancient times, focused on China<\/li>\r\n<li>will offer the possibility to master and PhD students as well as to wastewater and biosolids professionals, equipment suppliers, public bodies and organizations to present their work by e-posters. WWSS21 will offer the Best e-Poster Award to the\u00a0best poster of the Session<\/li>\r\n<\/ol>\r\n\r\n<p>WWSS21 target groups are all those interested in wastewater and biosolids management issues, worldwide. We would cordially like to invite all interested parties to register to the WWSS21 via its website, and to disseminate this educational event.<\/p>\r\n<p>Finally, we would like to express our warmest thanks to all those who have supported this effort since 2015, and especially the keynote speakers from th\u03b5 Greek and foreign Universities and research institutes, for contributing to a programme of such high quality.<\/p>\r\n<p>We are confident that the participants of WWSS21 will both benefit from, and enjoy the programme.<\/p>\r\n<!-- \/wp:post-content -->\r\n\r\n<!-- wp:paragraph -->\r\n<p><br \/>Sincerely Yours<br \/><br \/>Professor Dr. Ioannis K. Kalavrouziotis<br \/><br \/>HELLENIC OPEN UNIVERSITY<br \/><br \/>Dean of the SCHOOL OF SCIENCE &amp; TECHNOLOGY<\/p>\r\n<p>&nbsp;<\/p>\r\n<div style=\"display: none;\"><a title=\"ankara escort\" href=\"http:\/\/ankararus.net\">ankara escort<\/a> <a title=\"\u00e7ankaya escort\" href=\"http:\/\/telekiznumaralari.com\">\u00e7ankaya escort<\/a> <a title=\"ankara escort\" href=\"http:\/\/escort-models.mobi\">\u00e7ankaya escort<\/a> <a title=\"escort ankara\" href=\"http:\/\/ankararus.net\">escort ankara<\/a> <a title=\"\u00e7ankaya escort\" href=\"http:\/\/ankararus.net\">\u00e7ankaya escort<\/a> <a title=\"escort bayan \u00e7ankaya\" href=\"http:\/\/telekiznumaralari.com\">escort bayan \u00e7ankaya<\/a> <a title=\"istanbul rus escort\" href=\"http:\/\/www.istanbulruseskort.com\">istanbul rus escort<\/a> <a title=\"eryaman escort\" href=\"http:\/\/www.eryamaneskortlar.com\">eryaman escort<\/a> <a title=\"escort bayan ankara\" href=\"http:\/\/ankararus.net\">escort bayan ankara<\/a> <a title=\"ankara escort\" href=\"http:\/\/telekiznumaralari.com\">ankara escort<\/a> <a title=\"ankara escort\" href=\"http:\/\/www.hungthinh434.com\">k\u0131z\u0131lay escort<\/a> <a title=\"istanbul escort\" href=\"http:\/\/www.daidalosestate.com\">istanbul escort<\/a> <a title=\"ankara escort\" href=\"http:\/\/www.forumzevk.com\">ankara escort<\/a> <a title=\"ankara grup escort\" href=\"http:\/\/www.forumzevk.com\/ad-category\/ankara-grup-escort\/\">ankara grup escort<\/a> <a title=\"ankara olgun escort\" href=\"http:\/\/www.forumzevk.com\/ad-category\/ankara-olgun-escort\/\">ankara olgun escort<\/a> <a title=\"\u00e7ankaya escort\" href=\"http:\/\/www.forumzevk.com\/ad-category\/cankaya-escort\/\">\u00e7ankaya escort<\/a> <a title=\"\u00e7ayyolu escort\" href=\"http:\/\/www.forumzevk.com\/ad-category\/cayyolu-escort\/\">\u00e7ayyolu escort<\/a> <a title=\"cebeci escort\" href=\"http:\/\/www.forumzevk.com\/ad-category\/cebeci-escort\/\">cebeci escort<\/a> <a title=\"dikmen escort\" href=\"http:\/\/www.forumzevk.com\/ad-category\/dikmen-escort\/\">dikmen escort<\/a> <a title=\"eryaman escort\" href=\"http:\/\/www.forumzevk.com\/ad-category\/eryaman-escort\/\">eryaman escort<\/a> <a title=\"etlik escort\" href=\"http:\/\/www.forumzevk.com\/ad-category\/etlik-escort\/\">etlik escort<\/a> <a title=\"gaziosmanpa\u015fa escort\" href=\"http:\/\/www.forumzevk.com\/ad-category\/gaziosmanpasa-escort\/\">gaziosmanpa\u015fa escort<\/a> <a title=\"ke\u00e7i\u00f6ren escort\" href=\"http:\/\/www.forumzevk.com\/ad-category\/kecioren-escort\/\">ke\u00e7i\u00f6ren escort<\/a> <a href=\"http:\/\/www.forumzevk.com\/ad-category\/kizilay-escort-2\/ title=\">k\u0131z\u0131lay escort<\/a> <a title=\"sincan escort\" href=\"http:\/\/www.forumzevk.com\/ad-category\/sincan-escort\/\">sincan escort<\/a> <a title=\"turan g\u00fcne\u015f escort\" href=\"http:\/\/www.forumzevk.com\/ad-category\/turan-gunes-escort\/\">turan g\u00fcne\u015f escort<\/a> <a title=\"ankara escort\" href=\"https:\/\/www.degisiklink.com\/\">ankara escort<\/a> <a title=\"ankara rus escort\" href=\"https:\/\/www.degisiklink.com\/ad-category\/ankara-rus-escort\/\">ankara rus escort<\/a> <a title=\"ankara escort\" href=\"https:\/\/www.degisiklink.com\/ad-category\/ankara-escort\/\">ankara escort<\/a> <a title=\"\u00e7ankaya escort\" href=\"https:\/\/www.degisiklink.com\/ad-category\/cankaya-escort\/\">\u00e7ankaya escort<\/a> <a title=\"\u00e7ayyolu escort\" href=\"https:\/\/www.degisiklink.com\/ad-category\/cayyolu-escort\/\">\u00e7ayyolu escort<\/a> <a title=\"dikmen escort\" href=\"https:\/\/www.degisiklink.com\/ad-category\/dikmen-escort\/\">dikmen escort<\/a> <a title=\"eryaman escort\" href=\"https:\/\/www.degisiklink.com\/ad-category\/eryaman-escort\/\">eryaman escort<\/a> <a title=\"gaziosmanpa\u015fa escort\" href=\"https:\/\/www.degisiklink.com\/ad-category\/gaziosmanpasa-escort\/\">gaziosmanpa\u015fa escort<\/a> <a title=\"incek escort\" href=\"https:\/\/www.degisiklink.com\/ad-category\/incek-escort\/\">incek escort<\/a> <a title=\"ankara olgun escort\" href=\"https:\/\/www.degisiklink.com\/ad-category\/ankara-olgun-escort\/\">ankara olgun escort<\/a> <a title=\"k\u0131z\u0131lay escort\" href=\"https:\/\/www.degisiklink.com\/ad-category\/kizilay-escort\/\">k\u0131z\u0131lay escort<\/a> <a title=\"ke\u00e7i\u00f6ren escort\" href=\"https:\/\/www.degisiklink.com\/ad-category\/kecioren-escort\/\">ke\u00e7i\u00f6ren escort<\/a> <a title=\"cebeci escort\" href=\"https:\/\/www.degisiklink.com\/ad-category\/cebeci-escort\/\">cebeci escort<\/a> <a title=\"ankara rus escort\" href=\"http:\/\/ankararus.net\">ankara rus escort<\/a> <a title=\"escort \u00e7ankaya\" href=\"http:\/\/telekiznumaralari.com\">escort \u00e7ankaya<\/a> <a title=\"ankara escort bayan\" href=\"http:\/\/ankararus.net\">ankara escort bayan<\/a> <a title=\"istanbul rus escort\" href=\"http:\/\/www.istanbulruseskort.com\">istanbul rus Escort<\/a> <a title=\"istanbul atasehir escort\" href=\"http:\/\/www.istanbulescortnet.com\">atasehir Escort<\/a> <a title=\"beylikduzu escort\" href=\"http:\/\/www.escortbayanvitrini.com\">beylikduzu Escort<\/a> <a title=\"Ankara escort\" href=\"https:\/\/www.serverprobot.com\">Ankara Escort<\/a> <a title=\"Ankara gen\u00e7 escort\" href=\"https:\/\/www.serverprobot.com\/ad-category\/ankara-genc-escort\/\">Ankara gen\u00e7 Escort<\/a> <a title=\"Ankara mas\u00f6z\" href=\"https:\/\/www.serverprobot.com\/ad-category\/ankara-masoz\/\">Ankara mas\u00f6z<\/a> <a title=\"Ankara rus escort\" href=\"https:\/\/www.serverprobot.com\/ad-category\/ankara-rus-escort\/\">Ankara rus Escort<\/a> <a title=\"Ankara ucuz escort\" href=\"https:\/\/www.serverprobot.com\/ad-category\/ankara-ucuz-escort\/\">Ankara ucuz Escort<\/a> <a title=\"Ankara vip escort\" href=\"https:\/\/www.serverprobot.com\/ad-category\/ankara-vip-escort\/\">Ankara vip Escort<\/a> <a title=\"\u00e7ankaya escort\" href=\"https:\/\/www.serverprobot.com\/ad-category\/cankaya-escort\/\">\u00e7ankaya Escort<\/a> <a title=\"ke\u00e7i\u00f6ren escort\" href=\"https:\/\/www.serverprobot.com\/ad-category\/kecioren-escort\/\">ke\u00e7i\u00f6ren Escort<\/a> <a title=\"k\u0131z\u0131lay escort\" href=\"https:\/\/www.serverprobot.com\/ad-category\/kizilay-escort\/\">k\u0131z\u0131lay Escort<\/a> <a title=\"s\u0131n\u0131rs\u0131z escort\" href=\"https:\/\/www.serverprobot.com\/ad-category\/sinirsiz-escort\/\">s\u0131n\u0131rs\u0131z Escort<\/a> <a title=\"s\u0131hhiye escort\" href=\"https:\/\/www.serverprobot.com\/ad-category\/sihhiye-escort\/\">s\u0131hhiye Escort<\/a> <a title=\"eryaman escort\" href=\"https:\/\/www.serverprobot.com\/ad-category\/eryaman-escort\/\">eryaman Escort<\/a> <a title=\"dikmen escort\" href=\"https:\/\/www.serverprobot.com\/ad-category\/dikmen-escort\/\">dikmen Escort<\/a> <a title=\"malatya escort\" href=\"http:\/\/www.retrojordantrade.com\">malatya Escort<\/a> <a title=\"ku\u015fadas\u0131 escort\" href=\"http:\/\/www.pkwmusic.com\">ku\u015fadas\u0131 Escort<\/a> <a title=\"antep escort\" href=\"http:\/\/www.bayanescortilayda.com\">gaziantep Escort<\/a> <a title=\"izmir escort\" href=\"http:\/\/www.izmirilanlari.com\">izmir Escort<\/a> <a title=\"antalya escort\" href=\"http:\/\/www.escortbayanantalya.org\/\">antalya Escort<\/a> <a title=\"antep escort\" href=\"http:\/\/www.partnerbuse.com\/\">Gaziantep Escort<\/a> <a title=\"Symlink shell, 404 shell, bypass shell, hack shell, Indosec shell, r57 shell, c99shell, litespeed bypass, shell indir, shell download\" href=\"http:\/\/r57shell.net\/\">Shell Download<\/a><\/div>\r\n<h3 class=\"module-title \">RECENT PUBLICATIONS<\/h3>\r\n<p><img loading=\"lazy\" decoding=\"async\" class=\"alignnone size-medium wp-image-93\" src=\"https:\/\/dia.eap.gr\/wastewater\/2021\/wp-content\/uploads\/2021\/04\/Cover-page-001-1-300x212.jpg\" alt=\"\" width=\"300\" height=\"212\" srcset=\"https:\/\/dia.eap.gr\/wastewater\/2021\/wp-content\/uploads\/2021\/04\/Cover-page-001-1-300x212.jpg 300w, https:\/\/dia.eap.gr\/wastewater\/2021\/wp-content\/uploads\/2021\/04\/Cover-page-001-1-1024x725.jpg 1024w, https:\/\/dia.eap.gr\/wastewater\/2021\/wp-content\/uploads\/2021\/04\/Cover-page-001-1-768x544.jpg 768w, https:\/\/dia.eap.gr\/wastewater\/2021\/wp-content\/uploads\/2021\/04\/Cover-page-001-1-1536x1088.jpg 1536w, https:\/\/dia.eap.gr\/wastewater\/2021\/wp-content\/uploads\/2021\/04\/Cover-page-001-1-1280x907.jpg 1280w, https:\/\/dia.eap.gr\/wastewater\/2021\/wp-content\/uploads\/2021\/04\/Cover-page-001-1.jpg 1913w\" sizes=\"auto, (max-width: 300px) 100vw, 300px\" \/><\/p>\r\n<p><img loading=\"lazy\" decoding=\"async\" class=\"alignnone size-medium wp-image-94\" src=\"https:\/\/dia.eap.gr\/wastewater\/2021\/wp-content\/uploads\/2021\/04\/Cover-Microplastics-in-Water-and-Wastewater-2nd-Edition-page-001-1-300x216.jpg\" alt=\"\" width=\"300\" height=\"216\" srcset=\"https:\/\/dia.eap.gr\/wastewater\/2021\/wp-content\/uploads\/2021\/04\/Cover-Microplastics-in-Water-and-Wastewater-2nd-Edition-page-001-1-300x216.jpg 300w, https:\/\/dia.eap.gr\/wastewater\/2021\/wp-content\/uploads\/2021\/04\/Cover-Microplastics-in-Water-and-Wastewater-2nd-Edition-page-001-1-1024x737.jpg 1024w, https:\/\/dia.eap.gr\/wastewater\/2021\/wp-content\/uploads\/2021\/04\/Cover-Microplastics-in-Water-and-Wastewater-2nd-Edition-page-001-1-768x553.jpg 768w, https:\/\/dia.eap.gr\/wastewater\/2021\/wp-content\/uploads\/2021\/04\/Cover-Microplastics-in-Water-and-Wastewater-2nd-Edition-page-001-1-1536x1105.jpg 1536w, https:\/\/dia.eap.gr\/wastewater\/2021\/wp-content\/uploads\/2021\/04\/Cover-Microplastics-in-Water-and-Wastewater-2nd-Edition-page-001-1-1280x921.jpg 1280w, https:\/\/dia.eap.gr\/wastewater\/2021\/wp-content\/uploads\/2021\/04\/Cover-Microplastics-in-Water-and-Wastewater-2nd-Edition-page-001-1.jpg 1921w\" sizes=\"auto, (max-width: 300px) 100vw, 300px\" \/><\/p>\r\n<h3 class=\"module-title \">SPONSORS<\/h3>\r\n<p><a href=\"https:\/\/www.marathondata.gr\/\" target=\"_blank\" rel=\"noopener\"><img loading=\"lazy\" decoding=\"async\" class=\"alignnone size-medium wp-image-236\" src=\"https:\/\/dia.eap.gr\/wastewater\/2021\/wp-content\/uploads\/2021\/07\/marathon-300x90.jpg\" alt=\"\" width=\"300\" height=\"90\" srcset=\"https:\/\/dia.eap.gr\/wastewater\/2021\/wp-content\/uploads\/2021\/07\/marathon-300x90.jpg 300w, https:\/\/dia.eap.gr\/wastewater\/2021\/wp-content\/uploads\/2021\/07\/marathon-768x230.jpg 768w, https:\/\/dia.eap.gr\/wastewater\/2021\/wp-content\/uploads\/2021\/07\/marathon.jpg 800w\" sizes=\"auto, (max-width: 300px) 100vw, 300px\" \/><\/a><\/p>\r\n<!-- \/wp:paragraph -->","protected":false},"excerpt":{"rendered":"<p>\u00a0It is our pleasure to welcome you to the 6th distance education e-learning\u00a0International Summer School\u00a0and Workshop on &#8220;Wastewater and Biosolids Management&#8221; (WWSS21), taking place in Patras, Greece, July 26 &#8211; 31, 2021. This scientific event is organized in the context of the Postgraduate Study Programme \u201cWaste Management\u201d, by the Hellenic Open University. The Summer School&hellip;<\/p>\n <a href=\"https:\/\/dia.eap.gr\/wastewater\/2021\/\" title=\"Invitation\" class=\"entry-more-link\"><span>Read More<\/span> <span class=\"screen-reader-text\">Invitation<\/span><\/a>","protected":false},"author":1,"featured_media":0,"parent":0,"menu_order":0,"comment_status":"closed","ping_status":"closed","template":"","meta":{"Layout":"","footnotes":""},"class_list":["entry","author-admin","post-5","page","type-page","status-publish"],"_links":{"self":[{"href":"https:\/\/dia.eap.gr\/wastewater\/2021\/wp-json\/wp\/v2\/pages\/5","targetHints":{"allow":["GET"]}}],"collection":[{"href":"https:\/\/dia.eap.gr\/wastewater\/2021\/wp-json\/wp\/v2\/pages"}],"about":[{"href":"https:\/\/dia.eap.gr\/wastewater\/2021\/wp-json\/wp\/v2\/types\/page"}],"author":[{"embeddable":true,"href":"https:\/\/dia.eap.gr\/wastewater\/2021\/wp-json\/wp\/v2\/users\/1"}],"replies":[{"embeddable":true,"href":"https:\/\/dia.eap.gr\/wastewater\/2021\/wp-json\/wp\/v2\/comments?post=5"}],"version-history":[{"count":16,"href":"https:\/\/dia.eap.gr\/wastewater\/2021\/wp-json\/wp\/v2\/pages\/5\/revisions"}],"predecessor-version":[{"id":315,"href":"https:\/\/dia.eap.gr\/wastewater\/2021\/wp-json\/wp\/v2\/pages\/5\/revisions\/315"}],"wp:attachment":[{"href":"https:\/\/dia.eap.gr\/wastewater\/2021\/wp-json\/wp\/v2\/media?parent=5"}],"curies":[{"name":"wp","href":"https:\/\/api.w.org\/{rel}","templated":true}]}}